{"id":1970,"date":"2025-05-27T09:41:52","date_gmt":"2025-05-27T09:41:52","guid":{"rendered":"https:\/\/martylegal.com\/nous-contacter\/"},"modified":"2025-07-07T07:39:48","modified_gmt":"2025-07-07T07:39:48","slug":"contact","status":"publish","type":"page","link":"https:\/\/martylegal.com\/fr\/contact\/","title":{"rendered":"Contact"},"content":{"rendered":"<div class=\"wpb-content-wrapper\"><p>[vc_row full_width=\u00a0\u00bbstretch_row_content_no_spaces\u00a0\u00bb css=\u00a0\u00bb.vc_custom_1748348302134{margin-bottom: 30px !important;}\u00a0\u00bb][vc_column]<div id=\"fullwidth-block-69df43b38e90b\" class=\"fullwidth-block clearfix\"  style=\"\"><script type=\"text\/javascript\">if (typeof(gem_fix_fullwidth_position) == \"function\") { gem_fix_fullwidth_position(document.getElementById(\"fullwidth-block-69df43b38e90b\")); }<\/script><div class=\"fullwidth-block-inner\"><div class=\"container\"><div class=\"thegem-te-heading thegem-custom-69df43b38efac5467\" ><script type=\"text\/javascript\">(function() {function TheGemHeading() {this.animateClass = 'thegem-heading-animate';this.animatedClass = 'thegem-heading-animated';}TheGemHeading.prototype = {initialize: function () {let items =document.querySelectorAll('.'+this.animateClass);items.forEach((item)=>{if (this.isElementVisible(item)) {this.prepareAnimation(item);this.startAnimation(item);}});if ('ResizeObserver' in window) {const resizeObserver = new ResizeObserver((entries) => {entries.forEach((entry) => {this.prepareAnimation(entry.target);});});items.forEach((item) => {resizeObserver.observe(item);});}if ('IntersectionObserver' in window) {let intersectionObserver = new IntersectionObserver((entries)=>{entries.forEach((entry)=> {if (entry.isIntersecting) {this.startAnimation(entry.target);intersectionObserver.unobserve(entry.target);}});});items.forEach((item)=>{intersectionObserver.observe(item);this.prepareAnimation(item);});} else {items.forEach((item)=>{this.prepareAnimation(item);this.startAnimation(item);});}},isElementVisible: function (element) {let rect= element.getBoundingClientRect(),width= window.innerWidth || document.documentElement.clientWidth,height = window.innerHeight || document.documentElement.clientHeight,efp= (x, y) => document.elementFromPoint(x, y);if (rect.right < 0 || rect.bottom < 0 || rect.left > width || rect.top > height) return false;return (element.contains(efp(rect.left,rect.top)) ||element.contains(efp(rect.right, rect.top)) ||element.contains(efp(rect.right, rect.bottom)) ||element.contains(efp(rect.left,rect.bottom)));},startAnimation: function (element) {if (element && !element.classList.contains(this.animatedClass)) {element.classList.add(this.animatedClass);element.classList.remove(this.animateClass);element.dispatchEvent(new Event('theGemHeading.startAnimation', {bubbles: true}));}},prepareAnimation: function (element) {if (element\/* && !element.isPreparedAnimation*\/) {element.dispatchEvent(new Event('theGemHeading.prepareAnimation', {bubbles: true}));\/*element.isPreparedAnimation = true;*\/}}};window.theGemHeading = new TheGemHeading();document.addEventListener('DOMContentLoaded', function() {window.theGemHeading.initialize();});})();<\/script><h2 id=\"thegem-heading-69df43b38ecad\" class=\"thegem-heading thegem-custom-heading-69df43b38eca72075 title-h2 vc_custom_1748348236393 lines-slide-up-random thegem-heading-animate\" style=\"text-align: center;\" data-animation-name=\"lines-slide-up-random\" data-animation-interval=\"160\"><span class=\"thegem-heading-word\">Contactez<\/span> <span class=\"thegem-heading-word\">notre<\/span> <span class=\"thegem-heading-word\">\u00e9quipe<\/span> <span class=\"thegem-heading-word\">juridique<\/span><\/h2><style type=\"text\/css\">#thegem-heading-69df43b38ecad {margin: 0;}#thegem-heading-69df43b38ecad {margin-left: auto; margin-right: auto;}#thegem-heading-69df43b38ecad > * {justify-content: center;}#thegem-heading-69df43b38ecad .thegem-heading-word {animation-duration: 4000ms;}#thegem-heading-69df43b38ecad a:hover, #thegem-heading-69df43b38ecad a:hover span.colored {color: var(--thegem-to-menu-level1-color-hover, #00BCD4) !important;}<\/style><\/div><style>@media screen and (max-width: 1023px) {.thegem-heading.thegem-custom-heading-69df43b38eca72075{display: block!important;}}@media screen and (max-width: 767px) {.thegem-heading.thegem-custom-heading-69df43b38eca72075{display: block!important;}}@media screen and (max-width: 1023px) {.thegem-heading.thegem-custom-heading-69df43b38eca72075{position: relative !important;}}@media screen and (max-width: 767px) {.thegem-heading.thegem-custom-heading-69df43b38eca72075{position: relative !important;}}<\/style>[vc_separator color=\u00a0\u00bbcustom\u00a0\u00bb align=\u00a0\u00bbalign_left\u00a0\u00bb style=\u00a0\u00bbshadow\u00a0\u00bb border_width=\u00a0\u00bb2&Prime; css_animation=\u00a0\u00bbzoomIn\u00a0\u00bb css=\u00a0\u00bb.vc_custom_1741904200803{margin-bottom: 40px !important;}\u00a0\u00bb accent_color=\u00a0\u00bb#2C4957&Prime;][vc_column_text css=\u00a0\u00bb\u00a0\u00bb css_animation=\u00a0\u00bbbottom-to-top\u00a0\u00bb el_class=\u00a0\u00bbyesjustify\u00a0\u00bb]<\/p>\n<p style=\"text-align: center;\">Si vous avez besoin de conseils juridiques en droit maritime, droit du yachting ou droit des transports, nous sommes l\u00e0 pour vous aider. Veuillez utiliser le formulaire ci-dessous pour nous contacter &#8211; notre \u00e9quipe r\u00e9pondra rapidement et confidentiellement \u00e0 votre demande.<\/p>\n<p>[\/vc_column_text]<\/div><\/div><\/div>[\/vc_column][\/vc_row][vc_row][vc_column width=\u00a0\u00bb2\/3&Prime;]<div class=\"thegem-te-heading thegem-custom-69df43b38f31b7555\" ><h3 id=\"thegem-heading-69df43b38f296\" class=\"thegem-heading thegem-custom-heading-69df43b38f2919003 title-h3 vc_custom_1748348530484 lines-slide-up-random thegem-heading-animate\" style=\"text-align: center;\" data-animation-name=\"lines-slide-up-random\" data-animation-interval=\"160\"><span class=\"thegem-heading-word\">Formulaire<\/span> <span class=\"thegem-heading-word\">de<\/span> <span class=\"thegem-heading-word\">contact<\/span><\/h3><style type=\"text\/css\">#thegem-heading-69df43b38f296 {margin: 0;}#thegem-heading-69df43b38f296 {margin-left: auto; margin-right: auto;}#thegem-heading-69df43b38f296 > * {justify-content: center;}#thegem-heading-69df43b38f296 .thegem-heading-word {animation-duration: 4000ms;}#thegem-heading-69df43b38f296 a:hover, #thegem-heading-69df43b38f296 a:hover span.colored {color: var(--thegem-to-menu-level1-color-hover, #00BCD4) !important;}<\/style><\/div><style>@media screen and (max-width: 1023px) {.thegem-heading.thegem-custom-heading-69df43b38f2919003{display: block!important;}}@media screen and (max-width: 767px) {.thegem-heading.thegem-custom-heading-69df43b38f2919003{display: block!important;}}@media screen and (max-width: 1023px) {.thegem-heading.thegem-custom-heading-69df43b38f2919003{position: relative !important;}}@media screen and (max-width: 767px) {.thegem-heading.thegem-custom-heading-69df43b38f2919003{position: relative !important;}}<\/style>[vc_separator color=\u00a0\u00bbcustom\u00a0\u00bb align=\u00a0\u00bbalign_left\u00a0\u00bb style=\u00a0\u00bbshadow\u00a0\u00bb border_width=\u00a0\u00bb2&Prime; css_animation=\u00a0\u00bbzoomIn\u00a0\u00bb css=\u00a0\u00bb.vc_custom_1741904200803{margin-bottom: 40px !important;}\u00a0\u00bb accent_color=\u00a0\u00bb#2C4957&Prime;][vc_column_text css=\u00a0\u00bb\u00a0\u00bb css_animation=\u00a0\u00bbbottom-to-top\u00a0\u00bb el_class=\u00a0\u00bbyesjustify\u00a0\u00bb]<form method=\"post\" enctype=\"multipart\/form-data\" id=\"vfbp-form-2\" class=\"vfbp-form\"><div style=\"display:none;\"><label for=\"vfbp-EMAIL-AN8fuQyoDLXem\">Si vous \u00eates humain, laissez ce champ vide.<\/label><input size=\"25\" autocomplete=\"off\" type=\"text\" name=\"vfbp-EMAIL-AN8fuQyoDLXem\" value=\"\" id=\"\"><\/div><input type=\"hidden\" name=\"_vfb-timestamp-2\" value=\"1776246739\" id=\"\"><input type=\"hidden\" name=\"_vfb-form-id\" value=\"2\" id=\"\"><div class=\"vfb-col-6 vfb-fieldType-text\" id=\"vfbField10\"><div class=\"vfb-form-group\"><label for=\"vfb-field-10\" class=\"vfb-control-label\">Pr\u00e9nom <span class=\"vfb-required-asterisk\">*<\/span><\/label><div><input id=\"vfb-field-10\" class=\"vfb-form-control\" placeholder=\"\" required=\"required\" type=\"text\" name=\"vfb-field-10\" value=\"\"><\/div><\/div><\/div><div class=\"vfb-col-6 vfb-fieldType-text\" id=\"vfbField11\"><div class=\"vfb-form-group\"><label for=\"vfb-field-11\" class=\"vfb-control-label\">Nom <span class=\"vfb-required-asterisk\">*<\/span><\/label><div><input id=\"vfb-field-11\" class=\"vfb-form-control\" placeholder=\"\" required=\"required\" type=\"text\" name=\"vfb-field-11\" value=\"\"><\/div><\/div><\/div><div class=\"vfb-clearfix\"><\/div><div class=\"vfb-col-6 vfb-fieldType-email\" id=\"vfbField12\"><div class=\"vfb-form-group\"><label for=\"vfb-field-12\" class=\"vfb-control-label\">E-mail <span class=\"vfb-required-asterisk\">*<\/span><\/label><div><input id=\"vfb-field-12\" class=\"vfb-form-control\" placeholder=\"\" required=\"required\" type=\"email\" name=\"vfb-field-12\" value=\"\"><\/div><\/div><\/div><div class=\"vfb-col-6 vfb-fieldType-phone\" id=\"vfbField13\"><div class=\"vfb-form-group\"><label for=\"vfb-field-13\" class=\"vfb-control-label\">T\u00e9l\u00e9phone <span class=\"vfb-required-asterisk\">*<\/span><\/label><div><input id=\"vfb-field-13\" class=\"vfb-form-control vfb-intl-phone\" placeholder=\"\" required=\"required\" data-default-country=\"fr\" type=\"tel\" name=\"vfb-field-13\" value=\"\"><\/div><\/div><\/div><div class=\"vfb-clearfix\"><\/div><div class=\"vfb-col-12 vfb-fieldType-text\" id=\"vfbField14\"><div class=\"vfb-form-group\"><label for=\"vfb-field-14\" class=\"vfb-control-label\">Service requis <span class=\"vfb-required-asterisk\">*<\/span><\/label><div><input id=\"vfb-field-14\" class=\"vfb-form-control\" placeholder=\"\" required=\"required\" type=\"text\" name=\"vfb-field-14\" value=\"\"><\/div><\/div><\/div><div class=\"vfb-clearfix\"><\/div><div class=\"vfb-col-12 vfb-fieldType-textarea\" id=\"vfbField15\"><div class=\"vfb-form-group\"><label for=\"vfb-field-15\" class=\"vfb-control-label\">Message <span class=\"vfb-required-asterisk\">*<\/span><\/label><div><textarea id=\"vfb-field-15\" class=\"vfb-form-control\" placeholder=\"\" required=\"required\" rows=\"10\" name=\"vfb-field-15\" cols=\"50\"><\/textarea><\/div><\/div><\/div><div class=\"vfb-clearfix\"><\/div><div class=\"vfb-col-12 vfb-fieldType-select\" id=\"vfbField16\"><label for=\"vfb-field-16\" class=\"vfb-control-label\">Comment avez-vous entendu parler de nous ? <span class=\"vfb-required-asterisk\">*<\/span><\/label><div><div class=\"vfb-form-group\"><select id=\"vfb-field-16\" class=\"vfb-form-control\" placeholder=\"\" required=\"required\" name=\"vfb-field-16\"><option value=\"\" selected=\"selected\"><\/option><option value=\"Moteur de recherche\">Moteur de recherche<\/option><option value=\"Bouche &agrave; oreille\">Bouche \u00e0 oreille<\/option><option value=\"R&eacute;seaux sociaux\">R\u00e9seaux sociaux<\/option><option value=\"Publicit&eacute;\">Publicit\u00e9<\/option><option value=\"En passant devant votre cabinet\">En passant devant votre cabinet<\/option><option value=\"Autre\">Autre<\/option><\/select><\/div><\/div><\/div><div class=\"vfb-clearfix\"><\/div><div class=\"vfb-col-12 vfb-fieldType-submit\" id=\"vfbField17\"><button id=\"vfb-field-17\" class=\" btn btn-primary\" placeholder=\"\" type=\"submit\" name=\"_vfb-submit\">Envoyer<\/button><\/div><div class=\"vfb-clearfix\"><\/div><\/form>[\/vc_column_text][\/vc_column][vc_column width=\u00a0\u00bb1\/3&Prime;][vc_column_text css=\u00a0\u00bb\u00a0\u00bb]<div class=\"rank-math-contact-info show-name show-organization_description show-email show-address show-hours show-phone show-additional_info show-map\"><div class=\"rank-math-contact-section rank-math-contact-name\">\t\t<h4 class=\"rank-math-name\">\n\t\t\t<a href=\"https:\/\/martylegal.com\">Marty Legal | Admiralty &amp; Maritime lawyer<\/a>\n\t\t<\/h4>\n\t\t<\/div><div class=\"rank-math-contact-section rank-math-contact-organization_description\"><\/div><div class=\"rank-math-contact-section rank-math-contact-email\">\t\t<div class=\"rank-math-email\">\n\t\t\t<label>E-mail\u00a0:<\/label>\n\t\t\t<a href=\"mailto:contact@martylegal.com\">contact@martylegal.com<\/a>\n\t\t<\/div>\n\t\t<\/div><div class=\"rank-math-contact-section rank-math-contact-address\">\t\t<label>Adresse\u00a0:<\/label>\n\t\t<address><span class=\"contact-address-streetAddress\">5 place Sadi Carnot<\/span><br \/>\r\n<span class=\"contact-address-postalCode\">13002<\/span> <span class=\"contact-address-addressLocality\">Marseille<\/span><br \/>\r\n<span class=\"contact-address-addressRegion\">Bouches-du-Rh\u00f4ne<\/span> <br \/>\r\n<span class=\"contact-address-addressCountry\">FR<\/span><\/address>\n\t\t<\/div><div class=\"rank-math-contact-section rank-math-contact-hours\">\t\t<label>Heures\u00a0:<\/label>\n\t\t<div class=\"rank-math-contact-hours-details\">\n\t\t\t<div class=\"rank-math-opening-hours\"><span class=\"rank-math-opening-days\">lundi, mardi, mercredi, jeudi, vendredi<\/span><span class=\"rank-math-opening-time\">09:00 &ndash; 18:00<\/span><\/div>\t\t<\/div>\n\t\t<\/div><div class=\"rank-math-contact-section rank-math-contact-phone\">\t\t\t<div class=\"rank-math-phone-number type-customersupport\">\n\t\t\t\t<label>Service Clients:<\/label>\n\t\t\t\t<span><a href=\"tel:+33491653038\">+33491653038<\/a><\/span>\n\t\t\t<\/div>\n\t\t\t<\/div><div class=\"rank-math-contact-section rank-math-contact-additional_info\">\t\t\t<div class=\"rank-math-organization-additional-details\">\n\t\t\t\t<label>TVA:<\/label>\n\t\t\t\t<span>FR02843491853<\/span>\n\t\t\t<\/div>\n\t\t\t<\/div><div class=\"rank-math-contact-section rank-math-contact-map\"><\/div><\/div><div class=\"clear\"><\/div>[\/vc_column_text][\/vc_column][\/vc_row]<\/p>\n<\/div>","protected":false},"excerpt":{"rendered":"<p>[vc_row full_width=\u00a0\u00bbstretch_row_content_no_spaces\u00a0\u00bb css=\u00a0\u00bb.vc_custom_1748348302134{margin-bottom: 30px !important;}\u00a0\u00bb][vc_column][\/vc_column][\/vc_row][vc_row][vc_column width=\u00a0\u00bb2\/3&Prime;][vc_separator color=\u00a0\u00bbcustom\u00a0\u00bb align=\u00a0\u00bbalign_left\u00a0\u00bb style=\u00a0\u00bbshadow\u00a0\u00bb border_width=\u00a0\u00bb2&Prime; css_animation=\u00a0\u00bbzoomIn\u00a0\u00bb css=\u00a0\u00bb.vc_custom_1741904200803{margin-bottom: 40px !important;}\u00a0\u00bb accent_color=\u00a0\u00bb#2C4957&Prime;][vc_column_text css=\u00a0\u00bb\u00a0\u00bb css_animation=\u00a0\u00bbbottom-to-top\u00a0\u00bb el_class=\u00a0\u00bbyesjustify\u00a0\u00bb][\/vc_column_text][\/vc_column][vc_column width=\u00a0\u00bb1\/3&Prime;][vc_column_text css=\u00a0\u00bb\u00a0\u00bb][\/vc_column_text][\/vc_column][\/vc_row]<\/p>\n","protected":false},"author":1,"featured_media":1930,"parent":0,"menu_order":0,"comment_status":"closed","ping_status":"closed","template":"","meta":{"footnotes":""},"class_list":["post-1970","page","type-page","status-publish","has-post-thumbnail"],"_links":{"self":[{"href":"https:\/\/martylegal.com\/fr\/wp-json\/wp\/v2\/pages\/1970","targetHints":{"allow":["GET"]}}],"collection":[{"href":"https:\/\/martylegal.com\/fr\/wp-json\/wp\/v2\/pages"}],"about":[{"href":"https:\/\/martylegal.com\/fr\/wp-json\/wp\/v2\/types\/page"}],"author":[{"embeddable":true,"href":"https:\/\/martylegal.com\/fr\/wp-json\/wp\/v2\/users\/1"}],"replies":[{"embeddable":true,"href":"https:\/\/martylegal.com\/fr\/wp-json\/wp\/v2\/comments?post=1970"}],"version-history":[{"count":8,"href":"https:\/\/martylegal.com\/fr\/wp-json\/wp\/v2\/pages\/1970\/revisions"}],"predecessor-version":[{"id":2021,"href":"https:\/\/martylegal.com\/fr\/wp-json\/wp\/v2\/pages\/1970\/revisions\/2021"}],"wp:featuredmedia":[{"embeddable":true,"href":"https:\/\/martylegal.com\/fr\/wp-json\/wp\/v2\/media\/1930"}],"wp:attachment":[{"href":"https:\/\/martylegal.com\/fr\/wp-json\/wp\/v2\/media?parent=1970"}],"curies":[{"name":"wp","href":"https:\/\/api.w.org\/{rel}","templated":true}]}}