{"id":1973,"date":"2025-05-27T10:45:53","date_gmt":"2025-05-27T10:45:53","guid":{"rendered":"https:\/\/martylegal.com\/plan-du-site\/"},"modified":"2025-07-08T20:36:27","modified_gmt":"2025-07-08T20:36:27","slug":"plan-du-site","status":"publish","type":"page","link":"https:\/\/martylegal.com\/fr\/plan-du-site\/","title":{"rendered":"Plan du site"},"content":{"rendered":"<div class=\"rank-math-html-sitemap\"><div class=\"rank-math-html-sitemap__section rank-math-html-sitemap__section--post-type rank-math-html-sitemap__section--post\"><h2 class=\"rank-math-html-sitemap__title\">Articles<\/h2><ul class=\"rank-math-html-sitemap__list\"><li class=\"rank-math-html-sitemap__item\"><a href=\"https:\/\/martylegal.com\/fr\/saisie-de-navire-la-notion-de-creance-maritime\/\" class=\"rank-math-html-sitemap__link\">Saisie de navire : la notion de cr\u00e9ance maritime | Marty Legal<\/a><\/li><li class=\"rank-math-html-sitemap__item\"><a href=\"https:\/\/martylegal.com\/fr\/privileges-et-hypotheques-maritimes-droit-applicable-et-interpretation\/\" class=\"rank-math-html-sitemap__link\">Privil\u00e8ges et hypoth\u00e8ques maritimes : interpr\u00e9tation juridique et droit applicable<\/a><\/li><li class=\"rank-math-html-sitemap__item\"><a href=\"https:\/\/martylegal.com\/fr\/quel-est-levenement-qui-donne-naissance-a-la-creance-du-beneficiaire-dans-une-promesse-unilaterale-dachat\/\" class=\"rank-math-html-sitemap__link\">D\u00e9clenchement cr\u00e9ance : promesses unilat\u00e9rales<\/a><\/li><li class=\"rank-math-html-sitemap__item\"><a href=\"https:\/\/martylegal.com\/fr\/responsabilite-des-croisieristes\/\" class=\"rank-math-html-sitemap__link\">Responsabilit\u00e9 des croisi\u00e9ristes | Droit transport maritime<\/a><\/li><li class=\"rank-math-html-sitemap__item\"><a href=\"https:\/\/martylegal.com\/fr\/tribord-amures-quelle-est-la-force-de-cette-regle\/\" class=\"rank-math-html-sitemap__link\">Tribord amures : quelle est la force de cette r\u00e8gle ? | Marty Legal<\/a><\/li><li class=\"rank-math-html-sitemap__item\"><a href=\"https:\/\/martylegal.com\/fr\/inscrivez-vous-au-rif-le-registre-international-francais\/\" class=\"rank-math-html-sitemap__link\">Inscrivez-vous au RIF - le registre international fran\u00e7ais | Marty Legal<\/a><\/li><li class=\"rank-math-html-sitemap__item\"><a href=\"https:\/\/martylegal.com\/fr\/livraison-de-la-cargaison-sans-presentation-du-connaissement\/\" class=\"rank-math-html-sitemap__link\">Livraison de la cargaison sans pr\u00e9sentation du connaissement | Marty Legal<\/a><\/li><li class=\"rank-math-html-sitemap__item\"><a href=\"https:\/\/martylegal.com\/fr\/la-vente-des-navires-abandonnes\/\" class=\"rank-math-html-sitemap__link\">Vente des navires abandonn\u00e9s | Droit Maritime | Marty Legal<\/a><\/li><li class=\"rank-math-html-sitemap__item\"><a href=\"https:\/\/martylegal.com\/fr\/la-charge-de-la-preuve-de-la-faute-dans-une-collision\/\" class=\"rank-math-html-sitemap__link\">La charge de la preuve de la faute dans une collision | Marty Legal<\/a><\/li><li class=\"rank-math-html-sitemap__item\"><a href=\"https:\/\/martylegal.com\/fr\/abordage-en-baie-de-cannes-application-du-ripam\/\" class=\"rank-math-html-sitemap__link\">Abordage en baie de Cannes : Application du RIPAM | Marty Legal<\/a><\/li><li class=\"rank-math-html-sitemap__item\"><a href=\"https:\/\/martylegal.com\/fr\/droit-commercial-maritime-et-des-transports-saisie-de-navire-yacht\/\" class=\"rank-math-html-sitemap__link\">Droit commercial, maritime et des transports - saisie de navire \/ yacht | Marty Legal<\/a><\/li><li class=\"rank-math-html-sitemap__item\"><a href=\"https:\/\/martylegal.com\/fr\/revendiquant-concurrent-contestant-une-saisie-du-navire\/\" class=\"rank-math-html-sitemap__link\">Revendiquant concurrent contestant une saisie du navire | Marty Legal<\/a><\/li><li class=\"rank-math-html-sitemap__item\"><a href=\"https:\/\/martylegal.com\/fr\/le-permis-armement\/\" class=\"rank-math-html-sitemap__link\">Le permis d\u2019armement | Droit Maritime | Marty Legal<\/a><\/li><li class=\"rank-math-html-sitemap__item\"><a href=\"https:\/\/martylegal.com\/fr\/lassurance-maritime-couvre-t-elle-le-defaut-de-paiement-et-la-livraison-incorrecte\/\" class=\"rank-math-html-sitemap__link\">L&#039;assurance maritime couvre-t-elle le d\u00e9faut de paiement et la livraison incorrecte ? | Marty Legal<\/a><\/li><li class=\"rank-math-html-sitemap__item\"><a href=\"https:\/\/martylegal.com\/fr\/saisie-conservatoire-du-navire-insolvabilite-faillite-impact-du-droit-europeen\/\" class=\"rank-math-html-sitemap__link\">Saisie conservatoire du navire, insolvabilit\u00e9, faillite : impact du droit europ\u00e9en | Marty Legal<\/a><\/li><li class=\"rank-math-html-sitemap__item\"><a href=\"https:\/\/martylegal.com\/fr\/la-saisie-conservatoire-du-navire-suite-a-son-adjudication\/\" class=\"rank-math-html-sitemap__link\">Saisie conservatoire du navire suite a son adjudication<\/a><\/li><li class=\"rank-math-html-sitemap__item\"><a href=\"https:\/\/martylegal.com\/fr\/la-reparation-navale-face-au-covid-19\/\" class=\"rank-math-html-sitemap__link\">La r\u00e9paration navale face au COVID 19 | Marty Legal<\/a><\/li><li class=\"rank-math-html-sitemap__item\"><a href=\"https:\/\/martylegal.com\/fr\/acquisition-navire-plaisance-en-location-avec-option-achat\/\" class=\"rank-math-html-sitemap__link\">Acquisition navire de plaisance en LOA |\u00a0Avocat maritime<\/a><\/li><\/ul><\/div><div class=\"rank-math-html-sitemap__section rank-math-html-sitemap__section--post-type rank-math-html-sitemap__section--page\"><h2 class=\"rank-math-html-sitemap__title\">Pages<\/h2><ul class=\"rank-math-html-sitemap__list\"><li class=\"rank-math-html-sitemap__item\"><a href=\"https:\/\/martylegal.com\/fr\/\" class=\"rank-math-html-sitemap__link\">Avocat en droit maritime &amp; de la plaisance | C\u00f4te d&#039;Azur<\/a><\/li><li class=\"rank-math-html-sitemap__item\"><a href=\"https:\/\/martylegal.com\/fr\/actualites-publications\/\" class=\"rank-math-html-sitemap__link\">Actualit\u00e9s &amp; publications | Marty Legal<\/a><\/li><li class=\"rank-math-html-sitemap__item\"><a href=\"https:\/\/martylegal.com\/fr\/plan-du-site\/\" class=\"rank-math-html-sitemap__link\">Plan du site | Droit maritime &amp; Plaisance | Marty legal<\/a><\/li><li class=\"rank-math-html-sitemap__item\"><a href=\"https:\/\/martylegal.com\/fr\/contact\/\" class=\"rank-math-html-sitemap__link\">Contact Avocat Droit Maritime, de la plaisance et transports<\/a><\/li><li class=\"rank-math-html-sitemap__item\"><a href=\"https:\/\/martylegal.com\/fr\/avocat-droit-des-transports\/\" class=\"rank-math-html-sitemap__link\">Avocat droit des transports | Transport Maritime &amp; Fluvial<\/a><ul class=\"rank-math-html-sitemap__list\"><li class=\"rank-math-html-sitemap__item\"><a href=\"https:\/\/martylegal.com\/fr\/avocat-droit-des-transports\/transport-fluvial\/\" class=\"rank-math-html-sitemap__link\">Avocat droit du transport fluvial | Droit maritime<\/a><\/li><li class=\"rank-math-html-sitemap__item\"><a href=\"https:\/\/martylegal.com\/fr\/avocat-droit-des-transports\/transport-maritime\/\" class=\"rank-math-html-sitemap__link\">Avocat transport maritime | Droit portuaire et maritime<\/a><\/li><\/ul><\/li><li class=\"rank-math-html-sitemap__item\"><a href=\"https:\/\/martylegal.com\/fr\/droit-maritime\/\" class=\"rank-math-html-sitemap__link\">Avocat droit maritime | Marseille - Nice - Europe - Monde<\/a><ul class=\"rank-math-html-sitemap__list\"><li class=\"rank-math-html-sitemap__item\"><a href=\"https:\/\/martylegal.com\/fr\/droit-maritime\/saisie-navire-vente-judiciaire-recouvrement-creances-maritimes\/\" class=\"rank-math-html-sitemap__link\">Avocat saisie de navire, vente judiciaire &amp; recouvrement cr\u00e9ance<\/a><\/li><li class=\"rank-math-html-sitemap__item\"><a href=\"https:\/\/martylegal.com\/fr\/droit-maritime\/assurance-maritime\/\" class=\"rank-math-html-sitemap__link\">Avocat en assurance maritime | Droit maritime C\u00f4te d&#039;Azur<\/a><\/li><li class=\"rank-math-html-sitemap__item\"><a href=\"https:\/\/martylegal.com\/fr\/droit-maritime\/collision-accident-maritime\/\" class=\"rank-math-html-sitemap__link\">Avocat accident maritime | Indemnisation &amp; d\u00e9fense victimes<\/a><\/li><li class=\"rank-math-html-sitemap__item\"><a href=\"https:\/\/martylegal.com\/fr\/droit-maritime\/litiges-concernant-ventes-navires\/\" class=\"rank-math-html-sitemap__link\">Avocat litiges vente navires | Avocat droit maritime<\/a><\/li><li class=\"rank-math-html-sitemap__item\"><a href=\"https:\/\/martylegal.com\/fr\/droit-maritime\/litige-droit-occupation-concession-portuaire\/\" class=\"rank-math-html-sitemap__link\">Avocat droits d&#039;occupation et concession portuaire<\/a><\/li><li class=\"rank-math-html-sitemap__item\"><a href=\"https:\/\/martylegal.com\/fr\/droit-maritime\/pollution-marine-tribunal-maritime\/\" class=\"rank-math-html-sitemap__link\">Avocat pollution marine &amp; tribunal maritime | C\u00f4te d&#039;Azur<\/a><\/li><\/ul><\/li><li class=\"rank-math-html-sitemap__item\"><a href=\"https:\/\/martylegal.com\/fr\/avocat-droit-maritime-et-plaisance\/\" class=\"rank-math-html-sitemap__link\">Avocat droit de la plaisance et droit maritime | C\u00f4te d&#039;Azur<\/a><ul class=\"rank-math-html-sitemap__list\"><li class=\"rank-math-html-sitemap__item\"><a href=\"https:\/\/martylegal.com\/fr\/avocat-droit-maritime-et-plaisance\/avocat-contrat-transport-maritime-affretement-ecpy-myba\/\" class=\"rank-math-html-sitemap__link\">Avocat contrat transport maritime &amp; affr\u00e8tement | ECPY MYBA<\/a><\/li><li class=\"rank-math-html-sitemap__item\"><a href=\"https:\/\/martylegal.com\/fr\/avocat-droit-maritime-et-plaisance\/legislation-sociale-droit-travail-maritime\/\" class=\"rank-math-html-sitemap__link\">Avocat droit du travail maritime | Droit social maritime<\/a><\/li><li class=\"rank-math-html-sitemap__item\"><a href=\"https:\/\/martylegal.com\/fr\/avocat-droit-maritime-et-plaisance\/avocat-fiscalite-maritime-douanes\/\" class=\"rank-math-html-sitemap__link\">Avocat fiscalit\u00e9 maritime et douanes | Droit douanier France<\/a><\/li><li class=\"rank-math-html-sitemap__item\"><a href=\"https:\/\/martylegal.com\/fr\/avocat-droit-maritime-et-plaisance\/immatriculation-bateau-enregistrement-pavillon\/\" class=\"rank-math-html-sitemap__link\">Avocat immatriculation bateau, yacht et navire | Enregistrement pavillon<\/a><\/li><li class=\"rank-math-html-sitemap__item\"><a href=\"https:\/\/martylegal.com\/fr\/avocat-droit-maritime-et-plaisance\/vente-achat-de-yachts\/\" class=\"rank-math-html-sitemap__link\">Avocat achat\/vente de yachts | Expert transactions l\u00e9gales<\/a><\/li><\/ul><\/li><li class=\"rank-math-html-sitemap__item\"><a href=\"https:\/\/martylegal.com\/fr\/politique-de-confidentialite\/\" class=\"rank-math-html-sitemap__link\">Politique de confidentialit\u00e9 | Marty Legal<\/a><\/li><li class=\"rank-math-html-sitemap__item\"><a href=\"https:\/\/martylegal.com\/fr\/a-propos-de-nous\/\" class=\"rank-math-html-sitemap__link\">Marty legal | Droit maritime &amp; de la plaisance C\u00f4te d&#039;Azur<\/a><\/li><\/ul><\/div><div class=\"rank-math-html-sitemap__section rank-math-html-sitemap__section--taxonomy rank-math-html-sitemap__section--category\"><h2 class=\"rank-math-html-sitemap__title\">Cat\u00e9gories<\/h2><ul class=\"rank-math-html-sitemap__list\"><li class=\"rank-math-html-sitemap__item\"><a href=\"https:\/\/martylegal.com\/fr\/categorie\/analyse-juridique\/\" class=\"rank-math-html-sitemap__link\">Analyse juridique | Marty Legal<\/a><\/li><li class=\"rank-math-html-sitemap__item\"><a href=\"https:\/\/martylegal.com\/fr\/categorie\/detention-yachts-et-navires\/\" class=\"rank-math-html-sitemap__link\">D\u00e9tention de Yachts et de Navires | Marty Legal<\/a><\/li><li class=\"rank-math-html-sitemap__item\"><a href=\"https:\/\/martylegal.com\/fr\/categorie\/droit-assurances-maritimes\/\" class=\"rank-math-html-sitemap__link\">Droit des assurances maritimes | Marty Legal<\/a><\/li><li class=\"rank-math-html-sitemap__item\"><a href=\"https:\/\/martylegal.com\/fr\/categorie\/droit-transport-et-logistique\/\" class=\"rank-math-html-sitemap__link\">Droit du transport et de la logistique | Marty Legal<\/a><\/li><li class=\"rank-math-html-sitemap__item\"><a href=\"https:\/\/martylegal.com\/fr\/categorie\/droit-maritime\/\" class=\"rank-math-html-sitemap__link\">Droit maritime | Marty Legal<\/a><\/li><li class=\"rank-math-html-sitemap__item\"><a href=\"https:\/\/martylegal.com\/fr\/categorie\/saisie-de-navires-litiges\/\" class=\"rank-math-html-sitemap__link\">Saisie de navires et litiges | Marty Legal<\/a><\/li><\/ul><\/div><\/div>\n","protected":false},"excerpt":{"rendered":"","protected":false},"author":1,"featured_media":1930,"parent":0,"menu_order":0,"comment_status":"closed","ping_status":"closed","template":"","meta":{"footnotes":""},"class_list":["post-1973","page","type-page","status-publish","has-post-thumbnail"],"_links":{"self":[{"href":"https:\/\/martylegal.com\/fr\/wp-json\/wp\/v2\/pages\/1973","targetHints":{"allow":["GET"]}}],"collection":[{"href":"https:\/\/martylegal.com\/fr\/wp-json\/wp\/v2\/pages"}],"about":[{"href":"https:\/\/martylegal.com\/fr\/wp-json\/wp\/v2\/types\/page"}],"author":[{"embeddable":true,"href":"https:\/\/martylegal.com\/fr\/wp-json\/wp\/v2\/users\/1"}],"replies":[{"embeddable":true,"href":"https:\/\/martylegal.com\/fr\/wp-json\/wp\/v2\/comments?post=1973"}],"version-history":[{"count":2,"href":"https:\/\/martylegal.com\/fr\/wp-json\/wp\/v2\/pages\/1973\/revisions"}],"predecessor-version":[{"id":2161,"href":"https:\/\/martylegal.com\/fr\/wp-json\/wp\/v2\/pages\/1973\/revisions\/2161"}],"wp:featuredmedia":[{"embeddable":true,"href":"https:\/\/martylegal.com\/fr\/wp-json\/wp\/v2\/media\/1930"}],"wp:attachment":[{"href":"https:\/\/martylegal.com\/fr\/wp-json\/wp\/v2\/media?parent=1973"}],"curies":[{"name":"wp","href":"https:\/\/api.w.org\/{rel}","templated":true}]}}